{"id":1330,"date":"2023-09-20T15:31:50","date_gmt":"2023-09-20T18:31:50","guid":{"rendered":"https:\/\/gracielasanto.com\/?page_id=1330"},"modified":"2023-09-28T22:04:17","modified_gmt":"2023-09-29T01:04:17","slug":"blog","status":"publish","type":"page","link":"https:\/\/gracielasanto.com\/en\/blog\/","title":{"rendered":"Blog"},"content":{"rendered":"<div data-elementor-type=\"wp-page\" data-elementor-id=\"1330\" class=\"elementor elementor-1330\" data-elementor-settings=\"{&quot;ha_cmc_init_switcher&quot;:&quot;no&quot;}\" data-elementor-post-type=\"page\">\n\t\t\t\t\t\t<section class=\"elementor-section elementor-top-section elementor-element elementor-element-1979a76 elementor-section-boxed elementor-section-height-default elementor-section-height-default\" data-id=\"1979a76\" data-element_type=\"section\" data-settings=\"{&quot;background_background&quot;:&quot;classic&quot;,&quot;_ha_eqh_enable&quot;:false}\">\n\t\t\t\t\t\t<div class=\"elementor-container elementor-column-gap-default\">\n\t\t\t\t\t<div class=\"elementor-column elementor-col-33 elementor-top-column elementor-element elementor-element-4610d2b\" data-id=\"4610d2b\" data-element_type=\"column\">\n\t\t\t<div class=\"elementor-widget-wrap elementor-element-populated\">\n\t\t\t\t\t\t<div class=\"elementor-element elementor-element-7c2b211 elementor-widget elementor-widget-image\" data-id=\"7c2b211\" data-element_type=\"widget\" data-widget_type=\"image.default\">\n\t\t\t\t<div class=\"elementor-widget-container\">\n\t\t\t\t\t\t\t\t\t\t\t\t\t\t\t\t<a href=\"\/en\/\">\n\t\t\t\t\t\t\t<img fetchpriority=\"high\" decoding=\"async\" width=\"500\" height=\"300\" src=\"https:\/\/gracielasanto.com\/wp-content\/uploads\/2023\/09\/logo-graci-site.png\" class=\"attachment-full size-full wp-image-1366\" alt=\"\" srcset=\"https:\/\/gracielasanto.com\/wp-content\/uploads\/2023\/09\/logo-graci-site.png 500w, https:\/\/gracielasanto.com\/wp-content\/uploads\/2023\/09\/logo-graci-site-300x180.png 300w, https:\/\/gracielasanto.com\/wp-content\/uploads\/2023\/09\/logo-graci-site-18x12.png 18w\" sizes=\"(max-width: 500px) 100vw, 500px\" style=\"width:100%;height:60%;max-width:500px\" \/>\t\t\t\t\t\t\t\t<\/a>\n\t\t\t\t\t\t\t\t\t\t\t\t\t\t\t<\/div>\n\t\t\t\t<\/div>\n\t\t\t\t\t<\/div>\n\t\t<\/div>\n\t\t\t\t<div class=\"elementor-column elementor-col-66 elementor-top-column elementor-element elementor-element-d3048c6\" data-id=\"d3048c6\" data-element_type=\"column\">\n\t\t\t<div class=\"elementor-widget-wrap elementor-element-populated\">\n\t\t\t\t\t\t<div class=\"elementor-element elementor-element-f52371f elementor-align-right elementor-mobile-align-center elementor-widget elementor-widget-button\" data-id=\"f52371f\" data-element_type=\"widget\" data-widget_type=\"button.default\">\n\t\t\t\t<div class=\"elementor-widget-container\">\n\t\t\t\t\t\t\t\t\t<div class=\"elementor-button-wrapper\">\n\t\t\t\t\t<a class=\"elementor-button elementor-button-link elementor-size-sm\" href=\"https:\/\/wa.me\/5561999759163\">\n\t\t\t\t\t\t<span class=\"elementor-button-content-wrapper\">\n\t\t\t\t\t\t\t\t\t<span class=\"elementor-button-text\">Book an appointment<\/span>\n\t\t\t\t\t<\/span>\n\t\t\t\t\t<\/a>\n\t\t\t\t<\/div>\n\t\t\t\t\t\t\t\t<\/div>\n\t\t\t\t<\/div>\n\t\t\t\t<div class=\"elementor-element elementor-element-d55f186 elementor-widget elementor-widget-ha-navigation-menu happy-addon ha-navigation-menu\" data-id=\"d55f186\" data-element_type=\"widget\" data-widget_type=\"ha-navigation-menu.default\">\n\t\t\t\t<div class=\"elementor-widget-container\">\n\t\t\t\t\t<nav class=\"ha-nav-menu ha-navigation-menu-wrapper\"><div class=\"menu-principal-container\">\t\t\t\t<div class=\"ha-nav-humberger-wrapper\">\n\t\t\t\t\t<span class=\"ha-menu-open-icon ha-menu-toggler\" data-humberger=\"open\"><i aria-hidden=\"true\" class=\"fas fa-bars\"><\/i><\/span>\n\t\t\t\t\t<span class=\"ha-menu-close-icon ha-menu-toggler hide-icon\" data-humberger=\"close\"><i aria-hidden=\"true\" class=\"far fa-window-close\"><\/i><\/span>\n\t\t\t\t<\/div>\n\t\t\t<ul id=\"menu-principal\" class=\"menu\"><li id=\"menu-item-140\" class=\"menu-item menu-item-type-custom menu-item-object-custom\"><a href=\"\/en\/\"><span class=\"menu-item-title\">Home<\/span><\/a><\/li>\n<li id=\"menu-item-129\" class=\"menu-item menu-item-type-post_type menu-item-object-page\"><a href=\"https:\/\/gracielasanto.com\/en\/quem-sou\/\"><span class=\"menu-item-title\">About me<\/span><\/a><\/li>\n<li id=\"menu-item-130\" class=\"menu-item menu-item-type-post_type menu-item-object-page\"><a href=\"https:\/\/gracielasanto.com\/en\/tcc\/\"><span class=\"menu-item-title\">Clinical &amp; Forensic Psychology<\/span><\/a><\/li>\n<li id=\"menu-item-188\" class=\"menu-item menu-item-type-post_type menu-item-object-page\"><a href=\"https:\/\/gracielasanto.com\/en\/servicos\/\"><span class=\"menu-item-title\">Services<\/span><\/a><\/li>\n<li id=\"menu-item-189\" class=\"menu-item menu-item-type-post_type menu-item-object-page\"><a href=\"https:\/\/gracielasanto.com\/en\/recursos\/\"><span class=\"menu-item-title\">Resources<\/span><\/a><\/li>\n<li id=\"menu-item-1336\" class=\"menu-item menu-item-type-post_type menu-item-object-page\"><a href=\"https:\/\/gracielasanto.com\/en\/blog\/\"><span class=\"menu-item-title\">Blog<\/span><\/a><\/li>\n<\/ul><\/div><\/nav>\t\t\t\t<\/div>\n\t\t\t\t<\/div>\n\t\t\t\t\t<\/div>\n\t\t<\/div>\n\t\t\t\t\t<\/div>\n\t\t<\/section>\n\t\t\t\t<section class=\"elementor-section elementor-top-section elementor-element elementor-element-ea6eb1e elementor-section-boxed elementor-section-height-default elementor-section-height-default\" data-id=\"ea6eb1e\" data-element_type=\"section\" data-settings=\"{&quot;_ha_eqh_enable&quot;:false}\">\n\t\t\t\t\t\t<div class=\"elementor-container elementor-column-gap-default\">\n\t\t\t\t\t<div class=\"elementor-column elementor-col-100 elementor-top-column elementor-element elementor-element-4cc9dba\" data-id=\"4cc9dba\" data-element_type=\"column\">\n\t\t\t<div class=\"elementor-widget-wrap elementor-element-populated\">\n\t\t\t\t\t\t<section class=\"elementor-section elementor-inner-section elementor-element elementor-element-fbb8aa4 elementor-section-boxed elementor-section-height-default elementor-section-height-default\" data-id=\"fbb8aa4\" data-element_type=\"section\" data-settings=\"{&quot;_ha_eqh_enable&quot;:false}\">\n\t\t\t\t\t\t<div class=\"elementor-container elementor-column-gap-default\">\n\t\t\t\t\t<div class=\"elementor-column elementor-col-100 elementor-inner-column elementor-element elementor-element-e9bdf36\" data-id=\"e9bdf36\" data-element_type=\"column\">\n\t\t\t<div class=\"elementor-widget-wrap elementor-element-populated\">\n\t\t\t\t\t\t<div class=\"elementor-element elementor-element-97c2a53 elementor-widget elementor-widget-heading\" data-id=\"97c2a53\" data-element_type=\"widget\" data-widget_type=\"heading.default\">\n\t\t\t\t<div class=\"elementor-widget-container\">\n\t\t\t\t\t<h3 class=\"elementor-heading-title elementor-size-default\">Articles<\/h3>\t\t\t\t<\/div>\n\t\t\t\t<\/div>\n\t\t\t\t\t<\/div>\n\t\t<\/div>\n\t\t\t\t\t<\/div>\n\t\t<\/section>\n\t\t\t\t<div class=\"elementor-element elementor-element-832630d elementor-grid-3 elementor-grid-tablet-2 elementor-grid-mobile-1 elementor-posts--thumbnail-top elementor-card-shadow-yes elementor-posts__hover-gradient ha-has-bg-overlay elementor-widget elementor-widget-posts\" data-id=\"832630d\" data-element_type=\"widget\" data-settings=\"{&quot;cards_masonry&quot;:&quot;yes&quot;,&quot;cards_columns&quot;:&quot;3&quot;,&quot;cards_columns_tablet&quot;:&quot;2&quot;,&quot;cards_columns_mobile&quot;:&quot;1&quot;,&quot;cards_row_gap&quot;:{&quot;unit&quot;:&quot;px&quot;,&quot;size&quot;:35,&quot;sizes&quot;:[]},&quot;cards_row_gap_tablet&quot;:{&quot;unit&quot;:&quot;px&quot;,&quot;size&quot;:&quot;&quot;,&quot;sizes&quot;:[]},&quot;cards_row_gap_mobile&quot;:{&quot;unit&quot;:&quot;px&quot;,&quot;size&quot;:&quot;&quot;,&quot;sizes&quot;:[]}}\" data-widget_type=\"posts.cards\">\n\t\t\t\t<div class=\"elementor-widget-container\">\n\t\t\t\t\t\t\t<div class=\"elementor-posts-container elementor-posts elementor-posts--skin-cards elementor-grid\">\n\t\t\t\t<article class=\"elementor-post elementor-grid-item post-804 post type-post status-publish format-standard has-post-thumbnail hentry category-blog entry\">\n\t\t\t<div class=\"elementor-post__card\">\n\t\t\t\t<a class=\"elementor-post__thumbnail__link\" href=\"https:\/\/gracielasanto.com\/en\/parentalidade-toxica\/\" ><div class=\"elementor-post__thumbnail\"><img decoding=\"async\" width=\"1920\" height=\"1280\" src=\"https:\/\/gracielasanto.com\/wp-content\/uploads\/2023\/08\/katherine-chase-uNNvGTSwFtw-unsplash.jpg\" class=\"attachment-full size-full wp-image-805\" alt=\"\" srcset=\"https:\/\/gracielasanto.com\/wp-content\/uploads\/2023\/08\/katherine-chase-uNNvGTSwFtw-unsplash.jpg 1920w, https:\/\/gracielasanto.com\/wp-content\/uploads\/2023\/08\/katherine-chase-uNNvGTSwFtw-unsplash-300x200.jpg 300w, https:\/\/gracielasanto.com\/wp-content\/uploads\/2023\/08\/katherine-chase-uNNvGTSwFtw-unsplash-1024x683.jpg 1024w, https:\/\/gracielasanto.com\/wp-content\/uploads\/2023\/08\/katherine-chase-uNNvGTSwFtw-unsplash-768x512.jpg 768w, https:\/\/gracielasanto.com\/wp-content\/uploads\/2023\/08\/katherine-chase-uNNvGTSwFtw-unsplash-1536x1024.jpg 1536w, https:\/\/gracielasanto.com\/wp-content\/uploads\/2023\/08\/katherine-chase-uNNvGTSwFtw-unsplash-1568x1045.jpg 1568w\" sizes=\"(max-width: 1920px) 100vw, 1920px\" style=\"width:100%;height:66.67%;max-width:1920px;\" \/><\/div><\/a>\n\t\t\t\t<div class=\"elementor-post__text\">\n\t\t\t\t<h3 class=\"elementor-post__title\">\n\t\t\t<a href=\"https:\/\/gracielasanto.com\/en\/parentalidade-toxica\/\" >\n\t\t\t\tToxic Parenting\t\t\t<\/a>\n\t\t<\/h3>\n\t\t\t\t<div class=\"elementor-post__excerpt\">\n\t\t\t<p>Although it is believed that adults are more mature than their children and that parents always know what they are doing, what practice shows is that these parents often do not have the necessary emotional structure to meet the needs of their own children, which generates negative effects on the development and also on the adult life of these children. The idea that parents can be toxic is still something very new, especially in Brazilian society, where religious issues make it very difficult to objectively observe parents' behaviors and also because this deeper analysis can generate feelings of guilt and a sense of betrayal. <\/p>\n\t\t<\/div>\n\t\t\n\t\t<a class=\"elementor-post__read-more\" href=\"https:\/\/gracielasanto.com\/en\/parentalidade-toxica\/\" aria-label=\"Read more about Parentalidade T\u00f3xica\" >\n\t\t\tREAD MORE &gt;&gt;\t\t<\/a>\n\n\t\t\t\t<\/div>\n\t\t\t\t<div class=\"elementor-post__meta-data\">\n\t\t\t\t\t<span class=\"elementor-post-date\">\n\t\t\t29 de August de 2023\t\t<\/span>\n\t\t\t\t<\/div>\n\t\t\t\t\t<\/div>\n\t\t<\/article>\n\t\t\t\t<article class=\"elementor-post elementor-grid-item post-555 post type-post status-publish format-standard has-post-thumbnail hentry category-blog entry\">\n\t\t\t<div class=\"elementor-post__card\">\n\t\t\t\t<a class=\"elementor-post__thumbnail__link\" href=\"https:\/\/gracielasanto.com\/en\/o-que-a-teoria-do-apego-pode-nos-ensinar-sobre-as-nossas-relacoes-amorosas\/\" ><div class=\"elementor-post__thumbnail\"><img decoding=\"async\" width=\"2560\" height=\"1707\" src=\"https:\/\/gracielasanto.com\/wp-content\/uploads\/2023\/08\/ian-dooley-v9sAFGJ3Ojk-unsplash-scaled.jpg\" class=\"attachment-full size-full wp-image-556\" alt=\"\" srcset=\"https:\/\/gracielasanto.com\/wp-content\/uploads\/2023\/08\/ian-dooley-v9sAFGJ3Ojk-unsplash-scaled.jpg 2560w, https:\/\/gracielasanto.com\/wp-content\/uploads\/2023\/08\/ian-dooley-v9sAFGJ3Ojk-unsplash-300x200.jpg 300w, https:\/\/gracielasanto.com\/wp-content\/uploads\/2023\/08\/ian-dooley-v9sAFGJ3Ojk-unsplash-1024x683.jpg 1024w, https:\/\/gracielasanto.com\/wp-content\/uploads\/2023\/08\/ian-dooley-v9sAFGJ3Ojk-unsplash-768x512.jpg 768w, https:\/\/gracielasanto.com\/wp-content\/uploads\/2023\/08\/ian-dooley-v9sAFGJ3Ojk-unsplash-1536x1024.jpg 1536w, https:\/\/gracielasanto.com\/wp-content\/uploads\/2023\/08\/ian-dooley-v9sAFGJ3Ojk-unsplash-2048x1365.jpg 2048w, https:\/\/gracielasanto.com\/wp-content\/uploads\/2023\/08\/ian-dooley-v9sAFGJ3Ojk-unsplash-1568x1045.jpg 1568w\" sizes=\"(max-width: 2560px) 100vw, 2560px\" style=\"width:100%;height:66.68%;max-width:2560px;\" \/><\/div><\/a>\n\t\t\t\t<div class=\"elementor-post__text\">\n\t\t\t\t<h3 class=\"elementor-post__title\">\n\t\t\t<a href=\"https:\/\/gracielasanto.com\/en\/o-que-a-teoria-do-apego-pode-nos-ensinar-sobre-as-nossas-relacoes-amorosas\/\" >\n\t\t\t\tWhat can attachment theory teach us about our love relationships?\t\t\t<\/a>\n\t\t<\/h3>\n\t\t\t\t<div class=\"elementor-post__excerpt\">\n\t\t\t<p>A teoria do apego foi desenvolvida ainda na d\u00e9cada de 50 e aprofundada na d\u00e9cada de 70, por\u00e9m permanece muito atual e nos ajuda a compreender melhor as nossas necessidades de v\u00ednculo. Foram descritos quatro tipos de apego: seguro, ansioso, evitativo e desorganizado e, cada um deles apresenta um potencial de influ\u00eancia nas nossas vidas e na nossa forma de vivenciar as rela\u00e7\u00f5es.<\/p>\n\t\t<\/div>\n\t\t\n\t\t<a class=\"elementor-post__read-more\" href=\"https:\/\/gracielasanto.com\/en\/o-que-a-teoria-do-apego-pode-nos-ensinar-sobre-as-nossas-relacoes-amorosas\/\" aria-label=\"Read more about O que a teoria do apego pode nos ensinar sobre as nossas rela\u00e7\u00f5es amorosas?\" >\n\t\t\tREAD MORE &gt;&gt;\t\t<\/a>\n\n\t\t\t\t<\/div>\n\t\t\t\t<div class=\"elementor-post__meta-data\">\n\t\t\t\t\t<span class=\"elementor-post-date\">\n\t\t\t10 de August de 2023\t\t<\/span>\n\t\t\t\t<\/div>\n\t\t\t\t\t<\/div>\n\t\t<\/article>\n\t\t\t\t<article class=\"elementor-post elementor-grid-item post-541 post type-post status-publish format-standard has-post-thumbnail hentry category-blog entry\">\n\t\t\t<div class=\"elementor-post__card\">\n\t\t\t\t<a class=\"elementor-post__thumbnail__link\" href=\"https:\/\/gracielasanto.com\/en\/estilos-parentais\/\" ><div class=\"elementor-post__thumbnail\"><img loading=\"lazy\" decoding=\"async\" width=\"2560\" height=\"1707\" src=\"https:\/\/gracielasanto.com\/wp-content\/uploads\/2023\/08\/daiga-ellaby-7edWO30e32k-unsplash-1-scaled.jpg\" class=\"attachment-full size-full wp-image-544\" alt=\"\" srcset=\"https:\/\/gracielasanto.com\/wp-content\/uploads\/2023\/08\/daiga-ellaby-7edWO30e32k-unsplash-1-scaled.jpg 2560w, https:\/\/gracielasanto.com\/wp-content\/uploads\/2023\/08\/daiga-ellaby-7edWO30e32k-unsplash-1-300x200.jpg 300w, https:\/\/gracielasanto.com\/wp-content\/uploads\/2023\/08\/daiga-ellaby-7edWO30e32k-unsplash-1-1024x683.jpg 1024w, https:\/\/gracielasanto.com\/wp-content\/uploads\/2023\/08\/daiga-ellaby-7edWO30e32k-unsplash-1-768x512.jpg 768w, https:\/\/gracielasanto.com\/wp-content\/uploads\/2023\/08\/daiga-ellaby-7edWO30e32k-unsplash-1-1536x1024.jpg 1536w, https:\/\/gracielasanto.com\/wp-content\/uploads\/2023\/08\/daiga-ellaby-7edWO30e32k-unsplash-1-2048x1365.jpg 2048w, https:\/\/gracielasanto.com\/wp-content\/uploads\/2023\/08\/daiga-ellaby-7edWO30e32k-unsplash-1-1568x1045.jpg 1568w\" sizes=\"(max-width: 2560px) 100vw, 2560px\" style=\"width:100%;height:66.68%;max-width:2560px;\" \/><\/div><\/a>\n\t\t\t\t<div class=\"elementor-post__text\">\n\t\t\t\t<h3 class=\"elementor-post__title\">\n\t\t\t<a href=\"https:\/\/gracielasanto.com\/en\/estilos-parentais\/\" >\n\t\t\t\tParenting Styles\t\t\t<\/a>\n\t\t<\/h3>\n\t\t\t\t<div class=\"elementor-post__excerpt\">\n\t\t\t<p>In this article you will find information about parenting styles (PE), they are nothing more than an approach and strategies used by primary caregivers to interact with their sons and daughters. These styles are divided into four groups (authoritative, authoritarian, negligent and permissive) and can significantly influence the psychological, emotional and social development of children and also reflect on adult life. <\/p>\n\t\t<\/div>\n\t\t\n\t\t<a class=\"elementor-post__read-more\" href=\"https:\/\/gracielasanto.com\/en\/estilos-parentais\/\" aria-label=\"Read more about Estilos Parentais\" >\n\t\t\tREAD MORE &gt;&gt;\t\t<\/a>\n\n\t\t\t\t<\/div>\n\t\t\t\t<div class=\"elementor-post__meta-data\">\n\t\t\t\t\t<span class=\"elementor-post-date\">\n\t\t\t10 de August de 2023\t\t<\/span>\n\t\t\t\t<\/div>\n\t\t\t\t\t<\/div>\n\t\t<\/article>\n\t\t\t\t<\/div>\n\t\t\n\t\t\t\t\t\t<\/div>\n\t\t\t\t<\/div>\n\t\t\t\t\t<\/div>\n\t\t<\/div>\n\t\t\t\t\t<\/div>\n\t\t<\/section>\n\t\t\t\t<\/div>","protected":false},"excerpt":{"rendered":"<p>Agende uma Consulta Home Quem Sou TCC Servi\u00e7os Recursos Blog Artigos e Not\u00edcias<\/p>","protected":false},"author":1,"featured_media":0,"parent":0,"menu_order":0,"comment_status":"closed","ping_status":"closed","template":"elementor_canvas","meta":{"footnotes":""},"class_list":["post-1330","page","type-page","status-publish","hentry","entry"],"_links":{"self":[{"href":"https:\/\/gracielasanto.com\/en\/wp-json\/wp\/v2\/pages\/1330","targetHints":{"allow":["GET"]}}],"collection":[{"href":"https:\/\/gracielasanto.com\/en\/wp-json\/wp\/v2\/pages"}],"about":[{"href":"https:\/\/gracielasanto.com\/en\/wp-json\/wp\/v2\/types\/page"}],"author":[{"embeddable":true,"href":"https:\/\/gracielasanto.com\/en\/wp-json\/wp\/v2\/users\/1"}],"replies":[{"embeddable":true,"href":"https:\/\/gracielasanto.com\/en\/wp-json\/wp\/v2\/comments?post=1330"}],"version-history":[{"count":35,"href":"https:\/\/gracielasanto.com\/en\/wp-json\/wp\/v2\/pages\/1330\/revisions"}],"predecessor-version":[{"id":1419,"href":"https:\/\/gracielasanto.com\/en\/wp-json\/wp\/v2\/pages\/1330\/revisions\/1419"}],"wp:attachment":[{"href":"https:\/\/gracielasanto.com\/en\/wp-json\/wp\/v2\/media?parent=1330"}],"curies":[{"name":"wp","href":"https:\/\/api.w.org\/{rel}","templated":true}]}}