{"id":492,"date":"2023-08-03T21:09:06","date_gmt":"2023-08-04T00:09:06","guid":{"rendered":"https:\/\/gracielasanto.com\/?page_id=492"},"modified":"2023-09-28T21:59:29","modified_gmt":"2023-09-29T00:59:29","slug":"grupo-de-estudo-online","status":"publish","type":"page","link":"https:\/\/gracielasanto.com\/en\/grupo-de-estudo-online\/","title":{"rendered":"Online study group"},"content":{"rendered":"<div data-elementor-type=\"wp-page\" data-elementor-id=\"492\" class=\"elementor elementor-492\" data-elementor-settings=\"{&quot;ha_cmc_init_switcher&quot;:&quot;no&quot;}\" data-elementor-post-type=\"page\">\n\t\t\t\t\t\t<section class=\"elementor-section elementor-top-section elementor-element elementor-element-23600e1 elementor-section-boxed elementor-section-height-default elementor-section-height-default\" data-id=\"23600e1\" data-element_type=\"section\" data-settings=\"{&quot;background_background&quot;:&quot;classic&quot;,&quot;_ha_eqh_enable&quot;:false}\">\n\t\t\t\t\t\t<div class=\"elementor-container elementor-column-gap-default\">\n\t\t\t\t\t<div class=\"elementor-column elementor-col-33 elementor-top-column elementor-element elementor-element-2f7450e\" data-id=\"2f7450e\" data-element_type=\"column\">\n\t\t\t<div class=\"elementor-widget-wrap elementor-element-populated\">\n\t\t\t\t\t\t<div class=\"elementor-element elementor-element-fef9f27 elementor-widget elementor-widget-image\" data-id=\"fef9f27\" data-element_type=\"widget\" data-widget_type=\"image.default\">\n\t\t\t\t<div class=\"elementor-widget-container\">\n\t\t\t\t\t\t\t\t\t\t\t\t\t\t\t\t<a href=\"\/en\/\">\n\t\t\t\t\t\t\t<img fetchpriority=\"high\" decoding=\"async\" width=\"500\" height=\"300\" src=\"https:\/\/gracielasanto.com\/wp-content\/uploads\/2023\/09\/logo-graci-site.png\" class=\"attachment-full size-full wp-image-1366\" alt=\"\" srcset=\"https:\/\/gracielasanto.com\/wp-content\/uploads\/2023\/09\/logo-graci-site.png 500w, https:\/\/gracielasanto.com\/wp-content\/uploads\/2023\/09\/logo-graci-site-300x180.png 300w, https:\/\/gracielasanto.com\/wp-content\/uploads\/2023\/09\/logo-graci-site-18x12.png 18w\" sizes=\"(max-width: 500px) 100vw, 500px\" style=\"width:100%;height:60%;max-width:500px\" \/>\t\t\t\t\t\t\t\t<\/a>\n\t\t\t\t\t\t\t\t\t\t\t\t\t\t\t<\/div>\n\t\t\t\t<\/div>\n\t\t\t\t\t<\/div>\n\t\t<\/div>\n\t\t\t\t<div class=\"elementor-column elementor-col-66 elementor-top-column elementor-element elementor-element-56904a6\" data-id=\"56904a6\" data-element_type=\"column\">\n\t\t\t<div class=\"elementor-widget-wrap elementor-element-populated\">\n\t\t\t\t\t\t<div class=\"elementor-element elementor-element-9b86d08 elementor-align-right elementor-mobile-align-center elementor-widget elementor-widget-button\" data-id=\"9b86d08\" data-element_type=\"widget\" data-widget_type=\"button.default\">\n\t\t\t\t<div class=\"elementor-widget-container\">\n\t\t\t\t\t\t\t\t\t<div class=\"elementor-button-wrapper\">\n\t\t\t\t\t<a class=\"elementor-button elementor-button-link elementor-size-sm\" href=\"https:\/\/wa.me\/5561999759163\">\n\t\t\t\t\t\t<span class=\"elementor-button-content-wrapper\">\n\t\t\t\t\t\t\t\t\t<span class=\"elementor-button-text\">Book an appointment<\/span>\n\t\t\t\t\t<\/span>\n\t\t\t\t\t<\/a>\n\t\t\t\t<\/div>\n\t\t\t\t\t\t\t\t<\/div>\n\t\t\t\t<\/div>\n\t\t\t\t<div class=\"elementor-element elementor-element-12f63fb elementor-widget elementor-widget-ha-navigation-menu happy-addon ha-navigation-menu\" data-id=\"12f63fb\" data-element_type=\"widget\" data-widget_type=\"ha-navigation-menu.default\">\n\t\t\t\t<div class=\"elementor-widget-container\">\n\t\t\t\t\t<nav class=\"ha-nav-menu ha-navigation-menu-wrapper\"><div class=\"menu-principal-container\">\t\t\t\t<div class=\"ha-nav-humberger-wrapper\">\n\t\t\t\t\t<span class=\"ha-menu-open-icon ha-menu-toggler\" data-humberger=\"open\"><i aria-hidden=\"true\" class=\"fas fa-bars\"><\/i><\/span>\n\t\t\t\t\t<span class=\"ha-menu-close-icon ha-menu-toggler hide-icon\" data-humberger=\"close\"><i aria-hidden=\"true\" class=\"far fa-window-close\"><\/i><\/span>\n\t\t\t\t<\/div>\n\t\t\t<ul id=\"menu-principal\" class=\"menu\"><li id=\"menu-item-140\" class=\"menu-item menu-item-type-custom menu-item-object-custom\"><a href=\"\/en\/\"><span class=\"menu-item-title\">Home<\/span><\/a><\/li>\n<li id=\"menu-item-129\" class=\"menu-item menu-item-type-post_type menu-item-object-page\"><a href=\"https:\/\/gracielasanto.com\/en\/quem-sou\/\"><span class=\"menu-item-title\">About me<\/span><\/a><\/li>\n<li id=\"menu-item-130\" class=\"menu-item menu-item-type-post_type menu-item-object-page\"><a href=\"https:\/\/gracielasanto.com\/en\/tcc\/\"><span class=\"menu-item-title\">Clinical &amp; Forensic Psychology<\/span><\/a><\/li>\n<li id=\"menu-item-188\" class=\"menu-item menu-item-type-post_type menu-item-object-page\"><a href=\"https:\/\/gracielasanto.com\/en\/servicos\/\"><span class=\"menu-item-title\">Services<\/span><\/a><\/li>\n<li id=\"menu-item-189\" class=\"menu-item menu-item-type-post_type menu-item-object-page\"><a href=\"https:\/\/gracielasanto.com\/en\/recursos\/\"><span class=\"menu-item-title\">Resources<\/span><\/a><\/li>\n<li id=\"menu-item-1336\" class=\"menu-item menu-item-type-post_type menu-item-object-page\"><a href=\"https:\/\/gracielasanto.com\/en\/blog\/\"><span class=\"menu-item-title\">Blog<\/span><\/a><\/li>\n<\/ul><\/div><\/nav>\t\t\t\t<\/div>\n\t\t\t\t<\/div>\n\t\t\t\t\t<\/div>\n\t\t<\/div>\n\t\t\t\t\t<\/div>\n\t\t<\/section>\n\t\t\t\t<section class=\"elementor-section elementor-top-section elementor-element elementor-element-2d74714 elementor-section-boxed elementor-section-height-default elementor-section-height-default\" data-id=\"2d74714\" data-element_type=\"section\" data-settings=\"{&quot;_ha_eqh_enable&quot;:false}\">\n\t\t\t\t\t\t<div class=\"elementor-container elementor-column-gap-default\">\n\t\t\t\t\t<div class=\"elementor-column elementor-col-100 elementor-top-column elementor-element elementor-element-2f9a5ef\" data-id=\"2f9a5ef\" data-element_type=\"column\">\n\t\t\t<div class=\"elementor-widget-wrap\">\n\t\t\t\t\t\t\t<\/div>\n\t\t<\/div>\n\t\t\t\t\t<\/div>\n\t\t<\/section>\n\t\t\t\t<section class=\"elementor-section elementor-top-section elementor-element elementor-element-6022701 elementor-section-full_width elementor-section-height-default elementor-section-height-default\" data-id=\"6022701\" data-element_type=\"section\" data-settings=\"{&quot;_ha_eqh_enable&quot;:false}\">\n\t\t\t\t\t\t<div class=\"elementor-container elementor-column-gap-default\">\n\t\t\t\t\t<div class=\"elementor-column elementor-col-50 elementor-top-column elementor-element elementor-element-cc638f6\" data-id=\"cc638f6\" data-element_type=\"column\" data-settings=\"{&quot;background_background&quot;:&quot;classic&quot;,&quot;animation&quot;:&quot;none&quot;,&quot;background_motion_fx_motion_fx_scrolling&quot;:&quot;yes&quot;,&quot;background_motion_fx_translateX_effect&quot;:&quot;yes&quot;,&quot;background_motion_fx_translateX_speed&quot;:{&quot;unit&quot;:&quot;px&quot;,&quot;size&quot;:2,&quot;sizes&quot;:[]},&quot;background_motion_fx_translateX_affectedRange&quot;:{&quot;unit&quot;:&quot;%&quot;,&quot;size&quot;:&quot;&quot;,&quot;sizes&quot;:{&quot;start&quot;:0,&quot;end&quot;:100}},&quot;background_motion_fx_devices&quot;:[&quot;desktop&quot;,&quot;tablet&quot;,&quot;mobile&quot;]}\">\n\t\t\t<div class=\"elementor-widget-wrap elementor-element-populated\">\n\t\t\t\t\t<div class=\"elementor-background-overlay\"><\/div>\n\t\t\t\t\t\t<div class=\"elementor-element elementor-element-6463ac6 elementor-widget__width-initial elementor-widget elementor-widget-image\" data-id=\"6463ac6\" data-element_type=\"widget\" data-widget_type=\"image.default\">\n\t\t\t\t<div class=\"elementor-widget-container\">\n\t\t\t\t\t\t\t\t\t\t\t\t\t\t\t<img decoding=\"async\" width=\"1200\" height=\"1800\" src=\"https:\/\/gracielasanto.com\/wp-content\/uploads\/2023\/07\/0L9B7024-edit-min-site.png\" class=\"attachment-full size-full wp-image-220\" alt=\"\" srcset=\"https:\/\/gracielasanto.com\/wp-content\/uploads\/2023\/07\/0L9B7024-edit-min-site.png 1200w, https:\/\/gracielasanto.com\/wp-content\/uploads\/2023\/07\/0L9B7024-edit-min-site-200x300.png 200w, https:\/\/gracielasanto.com\/wp-content\/uploads\/2023\/07\/0L9B7024-edit-min-site-683x1024.png 683w, https:\/\/gracielasanto.com\/wp-content\/uploads\/2023\/07\/0L9B7024-edit-min-site-768x1152.png 768w, https:\/\/gracielasanto.com\/wp-content\/uploads\/2023\/07\/0L9B7024-edit-min-site-1024x1536.png 1024w\" sizes=\"(max-width: 1200px) 100vw, 1200px\" style=\"width:100%;height:150%;max-width:1200px\" \/>\t\t\t\t\t\t\t\t\t\t\t\t\t\t\t<\/div>\n\t\t\t\t<\/div>\n\t\t\t\t\t<\/div>\n\t\t<\/div>\n\t\t\t\t<div class=\"elementor-column elementor-col-50 elementor-top-column elementor-element elementor-element-d0b3b1f\" data-id=\"d0b3b1f\" data-element_type=\"column\">\n\t\t\t<div class=\"elementor-widget-wrap elementor-element-populated\">\n\t\t\t\t\t\t<div class=\"elementor-element elementor-element-9185424 elementor-widget elementor-widget-heading\" data-id=\"9185424\" data-element_type=\"widget\" data-widget_type=\"heading.default\">\n\t\t\t\t<div class=\"elementor-widget-container\">\n\t\t\t\t\t<h2 class=\"elementor-heading-title elementor-size-default\">Online study group <\/h2>\t\t\t\t<\/div>\n\t\t\t\t<\/div>\n\t\t\t\t<div class=\"elementor-element elementor-element-40cec39 elementor-widget elementor-widget-heading\" data-id=\"40cec39\" data-element_type=\"widget\" data-widget_type=\"heading.default\">\n\t\t\t\t<div class=\"elementor-widget-container\">\n\t\t\t\t\t<h4 class=\"elementor-heading-title elementor-size-default\">Adult Children of Emotionally Immature Parents<\/h4>\t\t\t\t<\/div>\n\t\t\t\t<\/div>\n\t\t\t\t<div class=\"elementor-element elementor-element-c377237 elementor-widget-divider--view-line elementor-widget elementor-widget-divider\" data-id=\"c377237\" data-element_type=\"widget\" data-widget_type=\"divider.default\">\n\t\t\t\t<div class=\"elementor-widget-container\">\n\t\t\t\t\t\t\t<div class=\"elementor-divider\">\n\t\t\t<span class=\"elementor-divider-separator\">\n\t\t\t\t\t\t<\/span>\n\t\t<\/div>\n\t\t\t\t\t\t<\/div>\n\t\t\t\t<\/div>\n\t\t\t\t<div class=\"elementor-element elementor-element-88510fd elementor-widget elementor-widget-text-editor\" data-id=\"88510fd\" data-element_type=\"widget\" data-widget_type=\"text-editor.default\">\n\t\t\t\t<div class=\"elementor-widget-container\">\n\t\t\t\t\t\t\t\t\t<p>Adult children of emotionally immature parents are people who grew up with caregivers who had difficulty in dealing with their own emotions and relationships in a mature and healthy way. This can have a significant impact on their emotional and psychological development, leading to various challenges in adulthood.\u00a0<\/p><p>The process of healing these marks and understanding the effects of having grown up with emotionally immature caregivers usually involves seeking psychotherapeutic support. This study group is not psychotherapy, but it can certainly help you to better understand your experiences, develop healthier coping mechanisms, learn to set boundaries and achieve more satisfying relationships.<\/p><p>The study group for the book Adult Children of Emotionally Immature Parents is an online space with weekly meetings for guided reading and exchanges on topics covered in the chapters.<\/p><p><em><br \/>Deixe seu email, para saber mais sobre a pr\u00f3xima turma:<br \/><\/em><\/p>\t\t\t\t\t\t\t\t<\/div>\n\t\t\t\t<\/div>\n\t\t\t\t<div class=\"elementor-element elementor-element-b4021d4 elementor-button-align-stretch elementor-widget elementor-widget-form\" data-id=\"b4021d4\" data-element_type=\"widget\" data-settings=\"{&quot;button_width&quot;:&quot;33&quot;,&quot;step_next_label&quot;:&quot;Next&quot;,&quot;step_previous_label&quot;:&quot;Previous&quot;,&quot;step_type&quot;:&quot;number_text&quot;,&quot;step_icon_shape&quot;:&quot;circle&quot;}\" data-widget_type=\"form.default\">\n\t\t\t\t<div class=\"elementor-widget-container\">\n\t\t\t\t\t\t\t<form class=\"elementor-form\" method=\"post\" name=\"New Form\" action=\"\">\n\t\t\t<input type=\"hidden\" name=\"post_id\" value=\"492\"\/>\n\t\t\t<input type=\"hidden\" name=\"form_id\" value=\"b4021d4\"\/>\n\t\t\t<input type=\"hidden\" name=\"referer_title\" value=\"\" \/>\n\n\t\t\t\n\t\t\t<div class=\"elementor-form-fields-wrapper elementor-labels-\">\n\t\t\t\t\t\t\t\t<div class=\"elementor-field-type-email elementor-field-group elementor-column elementor-field-group-email elementor-col-66 elementor-field-required\">\n\t\t\t\t\t\t\t\t\t\t\t\t\t<input size=\"1\" type=\"email\" name=\"form_fields[email]\" id=\"form-field-email\" class=\"elementor-field elementor-size-sm  elementor-field-textual\" placeholder=\"Email\" required=\"required\" aria-required=\"true\">\n\t\t\t\t\t\t\t\t\t\t\t<\/div>\n\t\t\t\t\t\t\t\t<div class=\"elementor-field-group elementor-column elementor-field-type-submit elementor-col-33 e-form__buttons\">\n\t\t\t\t\t<button type=\"submit\" class=\"elementor-button elementor-size-sm\">\n\t\t\t\t\t\t<span >\n\t\t\t\t\t\t\t\t\t\t\t\t\t\t\t<span class=\"elementor-button-icon\">\n\t\t\t\t\t\t\t\t\t\t\t\t\t\t\t\t\t\t\t\t\t\t\t\t\t\t<\/span>\n\t\t\t\t\t\t\t\t\t\t\t\t\t\t\t\t\t\t\t\t\t\t<span class=\"elementor-button-text\">Subscribe<\/span>\n\t\t\t\t\t\t\t\t\t\t\t\t\t<\/span>\n\t\t\t\t\t<\/button>\n\t\t\t\t<\/div>\n\t\t\t<\/div>\n\t\t<input type=\"hidden\" name=\"trp-form-language\" value=\"en\"\/><\/form>\n\t\t\t\t\t\t<\/div>\n\t\t\t\t<\/div>\n\t\t\t\t\t<\/div>\n\t\t<\/div>\n\t\t\t\t\t<\/div>\n\t\t<\/section>\n\t\t\t\t<section class=\"elementor-section elementor-top-section elementor-element elementor-element-1349cd4 elementor-section-boxed elementor-section-height-default elementor-section-height-default\" data-id=\"1349cd4\" data-element_type=\"section\" data-settings=\"{&quot;_ha_eqh_enable&quot;:false}\">\n\t\t\t\t\t\t<div class=\"elementor-container elementor-column-gap-default\">\n\t\t\t\t\t<div class=\"elementor-column elementor-col-100 elementor-top-column elementor-element elementor-element-33709eb\" data-id=\"33709eb\" data-element_type=\"column\">\n\t\t\t<div class=\"elementor-widget-wrap elementor-element-populated\">\n\t\t\t\t\t\t<div class=\"elementor-element elementor-element-3f393dd elementor-widget elementor-widget-heading\" data-id=\"3f393dd\" data-element_type=\"widget\" data-widget_type=\"heading.default\">\n\t\t\t\t<div class=\"elementor-widget-container\">\n\t\t\t\t\t<h3 class=\"elementor-heading-title elementor-size-default\">About the book<\/h3>\t\t\t\t<\/div>\n\t\t\t\t<\/div>\n\t\t\t\t<div class=\"elementor-element elementor-element-0d984f8 elementor-widget-divider--view-line elementor-widget elementor-widget-divider\" data-id=\"0d984f8\" data-element_type=\"widget\" data-widget_type=\"divider.default\">\n\t\t\t\t<div class=\"elementor-widget-container\">\n\t\t\t\t\t\t\t<div class=\"elementor-divider\">\n\t\t\t<span class=\"elementor-divider-separator\">\n\t\t\t\t\t\t<\/span>\n\t\t<\/div>\n\t\t\t\t\t\t<\/div>\n\t\t\t\t<\/div>\n\t\t\t\t<div class=\"elementor-element elementor-element-3127da4 elementor-widget elementor-widget-text-editor\" data-id=\"3127da4\" data-element_type=\"widget\" data-widget_type=\"text-editor.default\">\n\t\t\t\t<div class=\"elementor-widget-container\">\n\t\t\t\t\t\t\t\t\t<p>In this unprecedented work, psychologist Lindsay Gibson exposes the destructive nature of parents who are emotionally immature or absent. You will notice that these parents will create a sense of neglect and find ways to heal from the pain and upset caused in their childhood. Freeing yourself from the emotional immaturity of your parents, you will be able to recover your true nature, avoiding mistakes and disappointments. You will learn how to create new positive relationships in order to build a better life.<\/p>\t\t\t\t\t\t\t\t<\/div>\n\t\t\t\t<\/div>\n\t\t\t\t\t<\/div>\n\t\t<\/div>\n\t\t\t\t\t<\/div>\n\t\t<\/section>\n\t\t\t\t<\/div>","protected":false},"excerpt":{"rendered":"<p>Agende uma Consulta Home Quem Sou TCC Servi\u00e7os Recursos Blog Grupo de estudos online Filhos Adultos de Pais Emocionalmente Imaturos Filhos adultos de pais emocionalmente imaturos s\u00e3o pessoas que cresceram com cuidadores que tinham dificuldades de lidar com as pr\u00f3prias emo\u00e7\u00f5es e relacionamentos de um jeito maduro e saud\u00e1vel. Isso pode causar um impacto significativo&hellip; <a class=\"more-link\" href=\"https:\/\/gracielasanto.com\/en\/grupo-de-estudo-online\/\">Continue reading <span class=\"screen-reader-text\">Online study group<\/span><\/a><\/p>","protected":false},"author":1,"featured_media":0,"parent":0,"menu_order":0,"comment_status":"closed","ping_status":"closed","template":"elementor_header_footer","meta":{"footnotes":""},"class_list":["post-492","page","type-page","status-publish","hentry","entry"],"_links":{"self":[{"href":"https:\/\/gracielasanto.com\/en\/wp-json\/wp\/v2\/pages\/492","targetHints":{"allow":["GET"]}}],"collection":[{"href":"https:\/\/gracielasanto.com\/en\/wp-json\/wp\/v2\/pages"}],"about":[{"href":"https:\/\/gracielasanto.com\/en\/wp-json\/wp\/v2\/types\/page"}],"author":[{"embeddable":true,"href":"https:\/\/gracielasanto.com\/en\/wp-json\/wp\/v2\/users\/1"}],"replies":[{"embeddable":true,"href":"https:\/\/gracielasanto.com\/en\/wp-json\/wp\/v2\/comments?post=492"}],"version-history":[{"count":52,"href":"https:\/\/gracielasanto.com\/en\/wp-json\/wp\/v2\/pages\/492\/revisions"}],"predecessor-version":[{"id":1410,"href":"https:\/\/gracielasanto.com\/en\/wp-json\/wp\/v2\/pages\/492\/revisions\/1410"}],"wp:attachment":[{"href":"https:\/\/gracielasanto.com\/en\/wp-json\/wp\/v2\/media?parent=492"}],"curies":[{"name":"wp","href":"https:\/\/api.w.org\/{rel}","templated":true}]}}